{"id":11133,"date":"2022-01-13T13:40:20","date_gmt":"2022-01-13T13:40:20","guid":{"rendered":"http:\/\/adlee.co\/kvvk-metni\/"},"modified":"2022-01-14T15:03:15","modified_gmt":"2022-01-14T15:03:15","slug":"kvvk-metni","status":"publish","type":"page","link":"https:\/\/adlee.co\/en\/kvvk-metni\/","title":{"rendered":"KVVK Metni"},"content":{"rendered":"\t\t<div data-elementor-type=\"wp-page\" data-elementor-id=\"11133\" class=\"elementor elementor-11133 elementor-10725\">\n\t\t\t\t\t\t<section class=\"elementor-section elementor-top-section elementor-element elementor-element-ed25032 elementor-section-boxed elementor-section-height-default elementor-section-height-default\" data-id=\"ed25032\" data-element_type=\"section\" data-e-type=\"section\">\n\t\t\t\t\t\t<div class=\"elementor-container elementor-column-gap-default\">\n\t\t\t\t\t<div class=\"elementor-column elementor-col-100 elementor-top-column elementor-element elementor-element-55763d0\" data-id=\"55763d0\" data-element_type=\"column\" data-e-type=\"column\">\n\t\t\t<div class=\"elementor-widget-wrap elementor-element-populated\">\n\t\t\t\t\t\t<div class=\"elementor-element elementor-element-fd565f9 wd-width-100 elementor-widget elementor-widget-wd_title\" data-id=\"fd565f9\" data-element_type=\"widget\" data-e-type=\"widget\" data-widget_type=\"wd_title.default\">\n\t\t\t\t<div class=\"elementor-widget-container\">\n\t\t\t\t\t\t\t<div class=\"title-wrapper wd-set-mb reset-last-child wd-title-color-default wd-title-style-default wd-title-size-medium text-center\">\n\n\t\t\t\t\t\t\t\t\t\t\t<div class=\"title-subtitle subtitle-color-default subtitle-style-default wd-fontsize-xs\">\n\t\t\t\t\tADLEE \u0130LET\u0130\u015e\u0130M YAYIN VE REKLAM H\u0130ZMETLER\u0130 LTD. \u015eT\u0130.\t\t\t\t<\/div>\n\t\t\t\n\t\t\t<div class=\"liner-continer\">\n\t\t\t\t<h4 class=\"woodmart-title-container title wd-fontsize-xl\">\u00c7ALI\u015eAN ADAYI AYDINLATMA METN\u0130<\/h4> \n\t\t\t\t\t\t\t<\/div>\n\n\t\t\t\t\t<\/div>\n\t\t\t\t\t\t<\/div>\n\t\t\t\t<\/div>\n\t\t\t\t<div class=\"elementor-element elementor-element-0118106 wd-width-100 elementor-widget elementor-widget-wd_title\" data-id=\"0118106\" data-element_type=\"widget\" data-e-type=\"widget\" data-widget_type=\"wd_title.default\">\n\t\t\t\t<div class=\"elementor-widget-container\">\n\t\t\t\t\t\t\t<div class=\"title-wrapper wd-set-mb reset-last-child wd-title-color-default wd-title-style-default wd-title-size-default text-left\">\n\n\t\t\t\n\t\t\t<div class=\"liner-continer\">\n\t\t\t\t<h4 class=\"woodmart-title-container title wd-fontsize-l\"><\/h4> \n\t\t\t\t\t\t\t<\/div>\n\n\t\t\t\t\t\t\t<div class=\"title-after_title reset-last-child wd-fontsize-xs\">\n\t\t\t\t\t<p><span style=\"font-weight: 400\">\u0130\u015fbu Ayd\u0131nlatma Metni, 6698 say\u0131l\u0131 Ki\u015fisel Verilerin Korunmas\u0131 Kanunu (<\/span><i><span style=\"font-weight: 400\">\u201cKanun\u201d<\/span><\/i><span style=\"font-weight: 400\">) uyar\u0131nca, <\/span><b>ADLEE \u0130LET\u0130\u015e\u0130M YAYIN VE REKLAM H\u0130ZMETLER\u0130 LTD. \u015eT\u0130.<\/b><span style=\"font-weight: 400\"> (<\/span><i><span style=\"font-weight: 400\">\u201cFirma\u201d<\/span><\/i><span style=\"font-weight: 400\">) \u00e7al\u0131\u015fan adaylar\u0131n\u0131n ki\u015fisel verilerinin i\u015flenmesine ili\u015fkin usul ve esaslara ili\u015fkin olarak veri sahiplerinin ayd\u0131nlat\u0131lmas\u0131 amac\u0131 ile haz\u0131rlanm\u0131\u015ft\u0131r.\u00a0\u00a0<\/span><\/p><ul><li><b>Ki\u015fisel Verilerin \u0130\u015flenme Amac\u0131<\/b><\/li><\/ul><p><span style=\"font-weight: 400\">Toplanan ki\u015fisel veriler, Kanun\u2019un 5. ve 6. maddelerinde belirtilen ki\u015fisel veri i\u015fleme \u015fartlar\u0131 \u00e7er\u00e7evesinde ve;\u00a0<\/span><\/p><ul><li><span style=\"font-weight: 400\">\u00c7al\u0131\u015fan aday\u0131\/ Stajyer\/ \u00d6\u011frenci se\u00e7me ve yerle\u015ftirme s\u00fcre\u00e7lerinin y\u00fcr\u00fct\u00fclmesi<\/span><\/li><li><span style=\"font-weight: 400\">\u00c7al\u0131\u015fan adaylar\u0131n\u0131n ba\u015fvuru s\u00fcre\u00e7lerinin y\u00fcr\u00fct\u00fclmesi<\/span><\/li><li><span style=\"font-weight: 400\">\u0130leti\u015fim faaliyetlerinin y\u00fcr\u00fct\u00fclmesi<\/span><\/li><li><span style=\"font-weight: 400\">\u0130nsan kaynaklar\u0131 s\u00fcre\u00e7lerinin planlanmas\u0131<\/span><\/li><li><span style=\"font-weight: 400\">Saklama ve ar\u015fiv faaliyetlerinin y\u00fcr\u00fct\u00fclmesi\u00a0<\/span><\/li><\/ul><p><span style=\"font-weight: 400\">Yetkili ki\u015fi, kurum ve kurulu\u015flara bilgi verilmesi ama\u00e7lar\u0131 dahilinde i\u015flenmektedir. <br \/><br \/>\u0130\u015flenen ki\u015fisel verileriniz, a\u015fa\u011f\u0131daki gibidir<\/span><\/p><p><span style=\"font-weight: 400\"><strong>Kimlik Verisi<\/strong>: Ad\u0131n\u0131z-Soyad\u0131n\u0131z, Do\u011fum Yeriniz, Do\u011fum Tarihiniz;<br \/><strong>\u0130leti\u015fim Verisi<\/strong>: Ev Adresiniz, Telefon Numaran\u0131z;<br \/><strong>\u00d6zl\u00fck Verisi:<\/strong> Talep Edilen \u00dccret;<br \/><strong>Mesleki Deneyim Verisi:<\/strong> \u0130\u015f Deneyimi\/ E\u011fitim Durumunuz, Daha \u00f6nceki \u00e7al\u0131\u015f\u0131lan yerler\/G\u00f6rev\/ Al\u0131nan \u00fccret\/ Ayr\u0131l\u0131\u015f nedeni, Mesleki Tecr\u00fcbe Alan\u0131;<br \/><strong>G\u00f6rsel ve \u0130\u015fitsel Kay\u0131tlar:<\/strong> Foto\u011fraf\u0131n\u0131z;<br \/><strong>Di\u011fer-\u00d6zge\u00e7mi\u015f Bilgisi:<\/strong> \u00d6zge\u00e7mi\u015fte yer alan di\u011fer bilgiler<\/span><\/p><ul><li><b>Ki\u015fisel Verilerin Aktar\u0131labilece\u011fi Taraflar ve Aktar\u0131m Amac\u0131<\/b><\/li><\/ul><p><span style=\"font-weight: 400\">Toplanan ki\u015fisel veriler, Kanun\u2019un 8. ve 9. maddelerinde belirtilen ki\u015fisel veri i\u015fleme \u015fartlar\u0131 ve yukar\u0131da belirtilen veri i\u015fleme ama\u00e7lar\u0131<\/span> <span style=\"font-weight: 400\">\u00e7er\u00e7evesinde, yetkili kamu kurum ve kurulu\u015flar\u0131na aktar\u0131labilir.\u00a0\u00a0\u00a0\u00a0\u00a0<\/span><\/p><ul><li><b>Ki\u015fisel Veri Toplaman\u0131n Y\u00f6ntemi ve Hukuki Sebebi<\/b><\/li><\/ul><p><span style=\"font-weight: 400\">Ki\u015fisel verileriniz, tamamen ya da k\u0131smen otomatik olan veyahut da otomatik olmayan yollarla yaz\u0131l\u0131, s\u00f6zl\u00fc, elektronik ve sair \u015fekilde toplanmakta ve 6698 say\u0131l\u0131 Kanun\u2019un 5. ve 6. maddelerinde yer alan \u2018\u2019bir s\u00f6zle\u015fmenin kurulmas\u0131 veya ifas\u0131yla do\u011frudan do\u011fruya ilgili olmas\u0131 kayd\u0131yla, s\u00f6zle\u015fmenin taraflar\u0131na ait ki\u015fisel verilerin i\u015flenmesinin gerekli olmas\u0131\u2019\u2019 hukuki sebebine dayanarak i\u015flenmektedir.\u00a0<\/span><\/p><ul><li><b>Veri Sahiplerinin Haklar\u0131 ve Bu Haklar\u0131n Kullan\u0131lmas\u0131<\/b><\/li><\/ul><p><span style=\"font-weight: 400\">Kanunun \u201cilgili ki\u015finin haklar\u0131n\u0131 d\u00fczenleyen\u201d 11. maddesi kapsam\u0131ndaki taleplerinizi, Firmam\u0131z\u0131n Esentepe Mah. Talatpa\u015fa Cad. No:5\/1 \u015ei\u015fli\/\u0130stanbul adresine yaz\u0131l\u0131 olarak elden teslim edebilir, noter kanal\u0131yla veyahut da <\/span><i><span style=\"font-weight: 400\">\u201cVeri Sorumlusuna Ba\u015fvuru Usul ve Esaslar\u0131 Hakk\u0131nda Tebli\u011fe\u201d<\/span><\/i><span style=\"font-weight: 400\"> g\u00f6re belirlenen y\u00f6ntemlerle g\u00f6nderebilirsiniz.\u00a0<\/span><\/p>\t\t\t\t<\/div>\n\t\t\t\t\t<\/div>\n\t\t\t\t\t\t<\/div>\n\t\t\t\t<\/div>\n\t\t\t\t<div class=\"elementor-element elementor-element-57ead2f elementor-widget elementor-widget-shortcode\" data-id=\"57ead2f\" data-element_type=\"widget\" data-e-type=\"widget\" data-widget_type=\"shortcode.default\">\n\t\t\t\t<div class=\"elementor-widget-container\">\n\t\t\t\t\t\t\t<div class=\"elementor-shortcode\">[table \u201c\u201d not found \/]<br \/>\n<br \/>\n<\/div>\n\t\t\t\t\t\t<\/div>\n\t\t\t\t<\/div>\n\t\t\t\t<div class=\"elementor-element elementor-element-0b64b07 elementor-widget elementor-widget-wd_text_block\" data-id=\"0b64b07\" data-element_type=\"widget\" data-e-type=\"widget\" data-widget_type=\"wd_text_block.default\">\n\t\t\t\t<div class=\"elementor-widget-container\">\n\t\t\t\t\t\t\t<div class=\"wd-text-block reset-last-child text-left color-scheme-dark\">\n\t\t\t\n\t\t\t\n\t\t\t\t\t<\/div>\n\t\t\t\t\t\t<\/div>\n\t\t\t\t<\/div>\n\t\t\t\t\t<\/div>\n\t\t<\/div>\n\t\t\t\t\t<\/div>\n\t\t<\/section>\n\t\t\t\t<\/div>\n\t\t","protected":false},"excerpt":{"rendered":"<p>ADLEE \u0130LET\u0130\u015e\u0130M YAYIN VE REKLAM H\u0130ZMETLER\u0130 LTD. \u015eT\u0130. \u00c7ALI\u015eAN ADAYI AYDINLATMA METN\u0130 \u0130\u015fbu Ayd\u0131nlatma Metni, 6698 say\u0131l\u0131 Ki\u015fisel Verilerin Korunmas\u0131<\/p>\n","protected":false},"author":1,"featured_media":0,"parent":0,"menu_order":0,"comment_status":"closed","ping_status":"closed","template":"","meta":{"footnotes":""},"class_list":["post-11133","page","type-page","status-publish","hentry"],"yoast_head":"<!-- This site is optimized with the Yoast SEO plugin v27.4 - https:\/\/yoast.com\/product\/yoast-seo-wordpress\/ -->\n<title>KVVK Metni - Adlee<\/title>\n<meta name=\"robots\" content=\"index, follow, max-snippet:-1, max-image-preview:large, max-video-preview:-1\" \/>\n<link rel=\"canonical\" href=\"https:\/\/adlee.co\/kvvk-metni\/\" \/>\n<meta property=\"og:locale\" content=\"en_US\" \/>\n<meta property=\"og:type\" content=\"article\" \/>\n<meta property=\"og:title\" content=\"KVVK Metni - Adlee\" \/>\n<meta property=\"og:description\" content=\"ADLEE \u0130LET\u0130\u015e\u0130M YAYIN VE REKLAM H\u0130ZMETLER\u0130 LTD. \u015eT\u0130. \u00c7ALI\u015eAN ADAYI AYDINLATMA METN\u0130 \u0130\u015fbu Ayd\u0131nlatma Metni, 6698 say\u0131l\u0131 Ki\u015fisel Verilerin Korunmas\u0131\" \/>\n<meta property=\"og:url\" content=\"https:\/\/adlee.co\/kvvk-metni\/\" \/>\n<meta property=\"og:site_name\" content=\"Adlee\" \/>\n<meta property=\"article:modified_time\" content=\"2022-01-14T15:03:15+00:00\" \/>\n<meta name=\"twitter:card\" content=\"summary_large_image\" \/>\n<meta name=\"twitter:label1\" content=\"Est. reading time\" \/>\n\t<meta name=\"twitter:data1\" content=\"2 minutes\" \/>\n<script type=\"application\/ld+json\" class=\"yoast-schema-graph\">{\"@context\":\"https:\\\/\\\/schema.org\",\"@graph\":[{\"@type\":\"WebPage\",\"@id\":\"https:\\\/\\\/adlee.co\\\/kvvk-metni\\\/\",\"url\":\"https:\\\/\\\/adlee.co\\\/kvvk-metni\\\/\",\"name\":\"KVVK Metni - Adlee\",\"isPartOf\":{\"@id\":\"https:\\\/\\\/adlee.co\\\/#website\"},\"datePublished\":\"2022-01-13T13:40:20+00:00\",\"dateModified\":\"2022-01-14T15:03:15+00:00\",\"breadcrumb\":{\"@id\":\"https:\\\/\\\/adlee.co\\\/kvvk-metni\\\/#breadcrumb\"},\"inLanguage\":\"en-US\",\"potentialAction\":[{\"@type\":\"ReadAction\",\"target\":[\"https:\\\/\\\/adlee.co\\\/kvvk-metni\\\/\"]}]},{\"@type\":\"BreadcrumbList\",\"@id\":\"https:\\\/\\\/adlee.co\\\/kvvk-metni\\\/#breadcrumb\",\"itemListElement\":[{\"@type\":\"ListItem\",\"position\":1,\"name\":\"Anasayfa\",\"item\":\"https:\\\/\\\/adlee.co\\\/en\\\/\"},{\"@type\":\"ListItem\",\"position\":2,\"name\":\"KVVK Metni\"}]},{\"@type\":\"WebSite\",\"@id\":\"https:\\\/\\\/adlee.co\\\/#website\",\"url\":\"https:\\\/\\\/adlee.co\\\/\",\"name\":\"Adlee\",\"description\":\"Adlee.Co\",\"potentialAction\":[{\"@type\":\"SearchAction\",\"target\":{\"@type\":\"EntryPoint\",\"urlTemplate\":\"https:\\\/\\\/adlee.co\\\/?s={search_term_string}\"},\"query-input\":{\"@type\":\"PropertyValueSpecification\",\"valueRequired\":true,\"valueName\":\"search_term_string\"}}],\"inLanguage\":\"en-US\"}]}<\/script>\n<!-- \/ Yoast SEO plugin. -->","yoast_head_json":{"title":"KVVK Metni - Adlee","robots":{"index":"index","follow":"follow","max-snippet":"max-snippet:-1","max-image-preview":"max-image-preview:large","max-video-preview":"max-video-preview:-1"},"canonical":"https:\/\/adlee.co\/kvvk-metni\/","og_locale":"en_US","og_type":"article","og_title":"KVVK Metni - Adlee","og_description":"ADLEE \u0130LET\u0130\u015e\u0130M YAYIN VE REKLAM H\u0130ZMETLER\u0130 LTD. \u015eT\u0130. \u00c7ALI\u015eAN ADAYI AYDINLATMA METN\u0130 \u0130\u015fbu Ayd\u0131nlatma Metni, 6698 say\u0131l\u0131 Ki\u015fisel Verilerin Korunmas\u0131","og_url":"https:\/\/adlee.co\/kvvk-metni\/","og_site_name":"Adlee","article_modified_time":"2022-01-14T15:03:15+00:00","twitter_card":"summary_large_image","twitter_misc":{"Est. reading time":"2 minutes"},"schema":{"@context":"https:\/\/schema.org","@graph":[{"@type":"WebPage","@id":"https:\/\/adlee.co\/kvvk-metni\/","url":"https:\/\/adlee.co\/kvvk-metni\/","name":"KVVK Metni - Adlee","isPartOf":{"@id":"https:\/\/adlee.co\/#website"},"datePublished":"2022-01-13T13:40:20+00:00","dateModified":"2022-01-14T15:03:15+00:00","breadcrumb":{"@id":"https:\/\/adlee.co\/kvvk-metni\/#breadcrumb"},"inLanguage":"en-US","potentialAction":[{"@type":"ReadAction","target":["https:\/\/adlee.co\/kvvk-metni\/"]}]},{"@type":"BreadcrumbList","@id":"https:\/\/adlee.co\/kvvk-metni\/#breadcrumb","itemListElement":[{"@type":"ListItem","position":1,"name":"Anasayfa","item":"https:\/\/adlee.co\/en\/"},{"@type":"ListItem","position":2,"name":"KVVK Metni"}]},{"@type":"WebSite","@id":"https:\/\/adlee.co\/#website","url":"https:\/\/adlee.co\/","name":"Adlee","description":"Adlee.Co","potentialAction":[{"@type":"SearchAction","target":{"@type":"EntryPoint","urlTemplate":"https:\/\/adlee.co\/?s={search_term_string}"},"query-input":{"@type":"PropertyValueSpecification","valueRequired":true,"valueName":"search_term_string"}}],"inLanguage":"en-US"}]}},"_links":{"self":[{"href":"https:\/\/adlee.co\/en\/wp-json\/wp\/v2\/pages\/11133","targetHints":{"allow":["GET"]}}],"collection":[{"href":"https:\/\/adlee.co\/en\/wp-json\/wp\/v2\/pages"}],"about":[{"href":"https:\/\/adlee.co\/en\/wp-json\/wp\/v2\/types\/page"}],"author":[{"embeddable":true,"href":"https:\/\/adlee.co\/en\/wp-json\/wp\/v2\/users\/1"}],"replies":[{"embeddable":true,"href":"https:\/\/adlee.co\/en\/wp-json\/wp\/v2\/comments?post=11133"}],"version-history":[{"count":4,"href":"https:\/\/adlee.co\/en\/wp-json\/wp\/v2\/pages\/11133\/revisions"}],"predecessor-version":[{"id":11239,"href":"https:\/\/adlee.co\/en\/wp-json\/wp\/v2\/pages\/11133\/revisions\/11239"}],"wp:attachment":[{"href":"https:\/\/adlee.co\/en\/wp-json\/wp\/v2\/media?parent=11133"}],"curies":[{"name":"wp","href":"https:\/\/api.w.org\/{rel}","templated":true}]}}