{"id":11131,"date":"2022-01-13T13:39:37","date_gmt":"2022-01-13T13:39:37","guid":{"rendered":"http:\/\/adlee.co\/cookie-policy\/"},"modified":"2022-01-20T19:40:36","modified_gmt":"2022-01-20T19:40:36","slug":"cookie-policy","status":"publish","type":"page","link":"https:\/\/adlee.co\/en\/cookie-policy\/","title":{"rendered":"Cookie Policy"},"content":{"rendered":"\t\t<div data-elementor-type=\"wp-page\" data-elementor-id=\"11131\" class=\"elementor elementor-11131 elementor-9213\">\n\t\t\t\t\t\t<section class=\"wd-negative-gap elementor-section elementor-top-section elementor-element elementor-element-f41e3f2 elementor-section-boxed elementor-section-height-default elementor-section-height-default\" data-id=\"f41e3f2\" data-element_type=\"section\" data-e-type=\"section\">\n\t\t\t\t\t\t<div class=\"elementor-container elementor-column-gap-default\">\n\t\t\t\t\t<div class=\"elementor-column elementor-col-100 elementor-top-column elementor-element elementor-element-acfd534\" data-id=\"acfd534\" data-element_type=\"column\" data-e-type=\"column\">\n\t\t\t<div class=\"elementor-widget-wrap elementor-element-populated\">\n\t\t\t\t\t\t<div class=\"elementor-element elementor-element-1d2a055 elementor-widget elementor-widget-wd_text_block\" data-id=\"1d2a055\" data-element_type=\"widget\" data-e-type=\"widget\" data-widget_type=\"wd_text_block.default\">\n\t\t\t\t<div class=\"elementor-widget-container\">\n\t\t\t\t\t\t\t<div class=\"wd-text-block reset-last-child text-center\">\n\t\t\t\n\t\t\t<p>ADLEE \u0130LET\u0130\u015e\u0130M YAYIN VE REKLAM H\u0130ZMETLER\u0130 LTD. \u015eT\u0130.\u00a0<br \/>\u00c7EREZLERE \u0130L\u0130\u015eK\u0130N AYDINLATMA METN\u0130<\/p>\n\t\t\t\t\t<\/div>\n\t\t\t\t\t\t<\/div>\n\t\t\t\t<\/div>\n\t\t\t\t<div class=\"elementor-element elementor-element-dc07d8b elementor-widget elementor-widget-wd_text_block\" data-id=\"dc07d8b\" data-element_type=\"widget\" data-e-type=\"widget\" data-widget_type=\"wd_text_block.default\">\n\t\t\t\t<div class=\"elementor-widget-container\">\n\t\t\t\t\t\t\t<div class=\"wd-text-block reset-last-child text-left color-scheme-dark\">\n\t\t\t\n\t\t\t<p><strong>1. Genel<br \/><\/strong>\u0130\u015fbu Ayd\u0131nlatma Metni, 6698 say\u0131l\u0131 Ki\u015fisel Verilerin Korunmas\u0131 Kanunu (\u201cKanun\u201d) uyar\u0131nca, ADLEE \u0130LET\u0130\u015e\u0130M YAYIN VE REKLAM H\u0130ZMETLER\u0130 LTD. \u015eT\u0130.\u2019ne ait (\u201cFirma\u201d) kurumsal internet sitesini ziyaret eden kullan\u0131c\u0131lar\u0131n \u00e7erezler arac\u0131l\u0131\u011f\u0131yla ki\u015fisel verilerinin i\u015flenmesine ili\u015fkin usul ve esaslara ili\u015fkin olarak veri sahiplerinin ayd\u0131nlat\u0131lmas\u0131 amac\u0131 ile haz\u0131rlanm\u0131\u015ft\u0131r.\u00a0<br \/>\u0130nternet sitemizin ziyaret\u00e7ileri bak\u0131m\u0131ndan internet protokol\u00fc (IP) adresi, ziyaret edilen sayfalar, ziyaret zamanlar\u0131 gibi ziyarete ili\u015fkin \u00e7e\u015fitli bilgiler i\u015flenmektedir. S\u00f6z konusu verilerin i\u015flenme ama\u00e7lar\u0131; internet sitemiz \u00fczerinden daha iyi, h\u0131zl\u0131 ve g\u00fcvenli bir deneyim ve\/veya yeni \u00f6zellikler sunulabilmesi, sitenin kullan\u0131m\u0131na ili\u015fkin istatistiki bilgilerin toplanabilmesi ve sitede iyile\u015ftirmeler yap\u0131labilmesidir.<br \/>Ki\u015fisel veriler otomatik y\u00f6ntemlerle internet sitemizi ziyaretiniz s\u00fcresince \u00e7o\u011funlukla \u00e7erezler arac\u0131l\u0131\u011f\u0131yla toplanmakta olup bu kapsamdaki hukuki dayanak Firma\u2019n\u0131n me\u015fru menfaatleri, muhtemel veya mevcut bir s\u00f6zle\u015fmesel ili\u015fki ve baz\u0131 \u00e7erezler a\u00e7\u0131s\u0131ndan a\u00e7\u0131k r\u0131zan\u0131zd\u0131r.<br \/>Bu kapsamdaki ki\u015fisel veriler, internet sitesine eri\u015fim sa\u011flanabilmesi, internet sitesine ger\u00e7ekle\u015fen ziyaretlere ili\u015fkin istatistiksel veri elde edilebilmesi, internet sitesindeki kullan\u0131c\u0131 deneyiminin geli\u015ftirilebilmesi ama\u00e7lar\u0131yla bar\u0131nd\u0131rma ve analitik gibi hizmetleri tedarik etti\u011fimiz tedarik\u00e7ilerimiz, hizmet sa\u011flay\u0131c\u0131lar ve i\u015f ortaklar\u0131yla payla\u015f\u0131lmaktad\u0131r.<br \/><strong>2. \u00c7erez Kullan\u0131m\u0131<br \/><\/strong>\u00c7erezler, ziyaret etti\u011finiz internet siteleri taraf\u0131ndan tercihlerinizin ve bir k\u0131s\u0131m bilgilerinizin sonraki ziyaretlerinizde hat\u0131rlanabilmesi amac\u0131yla cihaz\u0131n\u0131za kaydedilen k\u00fc\u00e7\u00fck metin dosyalar\u0131d\u0131r. Bir internet sitesini ilk ziyaret etti\u011finizde taray\u0131c\u0131n\u0131z arac\u0131l\u0131\u011f\u0131yla cihaz\u0131n\u0131za bir \u00e7erez kaydedilir. Ayn\u0131 siteyi ayn\u0131 cihazla tekrar ziyaret etti\u011finizdeyse taray\u0131c\u0131n\u0131z, cihaz\u0131n\u0131zda site ad\u0131na kay\u0131tl\u0131 bir \u00e7erez olup olmad\u0131\u011f\u0131n\u0131 kontrol eder ve bir kay\u0131t varsa kayd\u0131n i\u00e7indeki veriyi ziyaret etmekte oldu\u011funuz internet sitesine iletir. B\u00f6ylece internet sitesi, sizin siteyi daha \u00f6nce ziyaret etti\u011finizi anlar ve deneyiminizi iyile\u015ftirmek i\u00e7in belirli ad\u0131mlar atabilir. \u00c7erez t\u00fcrleri temel olarak a\u015fa\u011f\u0131daki gibidir:<br \/>Zorunlu \u00e7erezler: Zorunlu \u00e7erezler, internet sitemizin do\u011fru \u00e7al\u0131\u015fmas\u0131 i\u00e7in zorunlu oldu\u011fundan bunlar\u0131 devre d\u0131\u015f\u0131 b\u0131rakmam\u0131z m\u00fcmk\u00fcn de\u011fildir.<br \/>\u0130\u015flev \u00e7erezleri: \u0130\u015flev \u00e7erezleri, internet sitemize ek i\u015flevler kazand\u0131r\u0131r ve sitemizi sizin i\u00e7in \u00f6zelle\u015ftirmemize olanak sa\u011flarlar. <br \/>Analitik \/ performans \u00e7erezleri: Analitik \u00e7erezleri, internet sitemizin performans\u0131n\u0131 \u00f6l\u00e7memize ve geli\u015ftirmemize imk\u00e2n sa\u011flar. \u00d6rne\u011fin hangi sayfalar\u0131n en s\u0131k ziyaret edildi\u011fi, ziyaret\u00e7ilerin site i\u00e7erisinde nas\u0131l bir gezinti yapt\u0131\u011f\u0131 gibi bilgiler bu \u00e7erezler arac\u0131l\u0131\u011f\u0131yla toplan\u0131r. Bahsedilen bilgiler istatistiki nitelikte toplu verilerdir (\u00f6rne\u011fin belirli say\u0131da ki\u015finin belirli bir sayfay\u0131 ziyaret etti\u011fi bilgisi). Dolay\u0131s\u0131yla bu veriler ki\u015fi baz\u0131nda herhangi bir bilgi i\u00e7ermezler.<br \/>Hedefleme \u00e7erezleri: Hedefleme \u00e7erezleri, reklam i\u015f ortaklar\u0131m\u0131z taraf\u0131ndan internet sitemize yerle\u015ftirilir. Bu \u00e7erezler arac\u0131l\u0131\u011f\u0131yla ilgi alanlar\u0131n\u0131za g\u00f6re bir profil olu\u015fturularak size sitemizde ve farkl\u0131 internet sitelerinde ilginizi \u00e7ekebilecek reklamlar g\u00f6sterilmesi sa\u011flan\u0131r.<br \/>\u0130nternet sitemizde zorunlu ve i\u015flevsel \u00e7erezler d\u0131\u015f\u0131nda kullan\u0131lan \u00e7erezler \u015funlard\u0131r:<br \/>Google Analytics: Kullan\u0131c\u0131lar\u0131n internet sitesini nas\u0131l kulland\u0131\u011f\u0131n\u0131 analiz eden bir web analiz arac\u0131d\u0131r. \u0130nternet sitesini kullanman\u0131zla ilgili anonim nitelikteki bilgiler ve IP adresiniz taray\u0131c\u0131n\u0131z taraf\u0131ndan Google\u2019a g\u00f6nderilir ve Google taraf\u0131ndan kaydedilir. Site trafi\u011finin, kullan\u0131ma ili\u015fkin detaylar\u0131n belirlenebilmesini sa\u011flar.<br \/><strong>3. \u00c7erezlerin Engellenmesi<br \/><\/strong>\u00c7erezlerin kullan\u0131m\u0131na ili\u015fkin tercihlerinizi de\u011fi\u015ftirmek, \u00e7erezleri engellemek veya silmek i\u00e7in internet taray\u0131c\u0131n\u0131z\u0131n ayarlar\u0131n\u0131 de\u011fi\u015ftirmeniz yeterlidir. B\u00f6ylece internet sitemiz taraf\u0131ndan cihaz\u0131n\u0131za \u00e7erez dosyalar\u0131 kaydedilmesini \u00f6nleyebilir veya daha \u00f6nce kaydedilen \u00e7erezleri silebilirsiniz. Ancak \u00e7erezleri engellemeniz veya silmeniz, internet sitemizi her ziyaret etti\u011finizde tercihlerinizi yeniden ayarlaman\u0131z\u0131 (\u00f6rne\u011fin dil se\u00e7imini de\u011fi\u015ftirmenizi) gerektirebilir ve sitemizdeki baz\u0131 \u00f6zelliklerden faydalanman\u0131z m\u00fcmk\u00fcn olmayabilir.<br \/>\u00c7erezleri kapatmak i\u00e7in gerekli bilgileri, internet taray\u0131c\u0131n\u0131z\u0131n yard\u0131m sayfalar\u0131nda bulabilirsiniz.<br \/><strong>4. Veri Sahiplerinin Haklar\u0131 ve Bu Haklar\u0131n Kullan\u0131lmas\u0131<br \/><\/strong>Kanunun \u201cilgili ki\u015finin haklar\u0131n\u0131 d\u00fczenleyen\u201d 11. maddesi kapsam\u0131ndaki taleplerinizi, Firmam\u0131z\u0131nDikilita\u015f Mah. Barbaros Bulvar\u0131 No:127\/13 Be\u015fikta\u015f \u2013 \u0130stanbul 34349 adresine yaz\u0131l\u0131 olarak elden teslim edebilir, noter kanal\u0131yla veyahut da \u201cVeri Sorumlusuna Ba\u015fvuru Usul ve Esaslar\u0131 Hakk\u0131nda Tebli\u011fe\u201d g\u00f6re belirlenen y\u00f6ntemlerle g\u00f6nderebilirsiniz.\u00a0<\/p>\n\t\t\t\t\t<\/div>\n\t\t\t\t\t\t<\/div>\n\t\t\t\t<\/div>\n\t\t\t\t\t<\/div>\n\t\t<\/div>\n\t\t\t\t\t<\/div>\n\t\t<\/section>\n\t\t\t\t<\/div>\n\t\t","protected":false},"excerpt":{"rendered":"<p>ADLEE \u0130LET\u0130\u015e\u0130M YAYIN VE REKLAM H\u0130ZMETLER\u0130 LTD. \u015eT\u0130.&nbsp; \u00c7EREZLERE \u0130L\u0130\u015eK\u0130N AYDINLATMA METN\u0130 1. Genel \u0130\u015fbu Ayd\u0131nlatma Metni, 6698 say\u0131l\u0131 Ki\u015fisel<\/p>\n","protected":false},"author":1,"featured_media":0,"parent":0,"menu_order":0,"comment_status":"closed","ping_status":"closed","template":"","meta":{"footnotes":""},"class_list":["post-11131","page","type-page","status-publish","hentry"],"yoast_head":"<!-- This site is optimized with the Yoast SEO plugin v27.4 - https:\/\/yoast.com\/product\/yoast-seo-wordpress\/ -->\n<title>Cookie Policy - Adlee<\/title>\n<meta name=\"robots\" content=\"index, follow, max-snippet:-1, max-image-preview:large, max-video-preview:-1\" \/>\n<link rel=\"canonical\" href=\"https:\/\/adlee.co\/cerez-aydinlatma-metni\/\" \/>\n<meta property=\"og:locale\" content=\"en_US\" \/>\n<meta property=\"og:type\" content=\"article\" \/>\n<meta property=\"og:title\" content=\"Cookie Policy - Adlee\" \/>\n<meta property=\"og:description\" content=\"ADLEE \u0130LET\u0130\u015e\u0130M YAYIN VE REKLAM H\u0130ZMETLER\u0130 LTD. \u015eT\u0130.&nbsp; \u00c7EREZLERE \u0130L\u0130\u015eK\u0130N AYDINLATMA METN\u0130 1. Genel \u0130\u015fbu Ayd\u0131nlatma Metni, 6698 say\u0131l\u0131 Ki\u015fisel\" \/>\n<meta property=\"og:url\" content=\"https:\/\/adlee.co\/cerez-aydinlatma-metni\/\" \/>\n<meta property=\"og:site_name\" content=\"Adlee\" \/>\n<meta property=\"article:modified_time\" content=\"2022-01-20T19:40:36+00:00\" \/>\n<meta name=\"twitter:card\" content=\"summary_large_image\" \/>\n<meta name=\"twitter:label1\" content=\"Est. reading time\" \/>\n\t<meta name=\"twitter:data1\" content=\"4 minutes\" \/>\n<script type=\"application\/ld+json\" class=\"yoast-schema-graph\">{\"@context\":\"https:\\\/\\\/schema.org\",\"@graph\":[{\"@type\":\"WebPage\",\"@id\":\"https:\\\/\\\/adlee.co\\\/cerez-aydinlatma-metni\\\/\",\"url\":\"https:\\\/\\\/adlee.co\\\/cerez-aydinlatma-metni\\\/\",\"name\":\"Cookie Policy - Adlee\",\"isPartOf\":{\"@id\":\"https:\\\/\\\/adlee.co\\\/#website\"},\"datePublished\":\"2022-01-13T13:39:37+00:00\",\"dateModified\":\"2022-01-20T19:40:36+00:00\",\"breadcrumb\":{\"@id\":\"https:\\\/\\\/adlee.co\\\/cerez-aydinlatma-metni\\\/#breadcrumb\"},\"inLanguage\":\"en-US\",\"potentialAction\":[{\"@type\":\"ReadAction\",\"target\":[\"https:\\\/\\\/adlee.co\\\/cerez-aydinlatma-metni\\\/\"]}]},{\"@type\":\"BreadcrumbList\",\"@id\":\"https:\\\/\\\/adlee.co\\\/cerez-aydinlatma-metni\\\/#breadcrumb\",\"itemListElement\":[{\"@type\":\"ListItem\",\"position\":1,\"name\":\"Anasayfa\",\"item\":\"https:\\\/\\\/adlee.co\\\/en\\\/\"},{\"@type\":\"ListItem\",\"position\":2,\"name\":\"Cookie Policy\"}]},{\"@type\":\"WebSite\",\"@id\":\"https:\\\/\\\/adlee.co\\\/#website\",\"url\":\"https:\\\/\\\/adlee.co\\\/\",\"name\":\"Adlee\",\"description\":\"Adlee.Co\",\"potentialAction\":[{\"@type\":\"SearchAction\",\"target\":{\"@type\":\"EntryPoint\",\"urlTemplate\":\"https:\\\/\\\/adlee.co\\\/?s={search_term_string}\"},\"query-input\":{\"@type\":\"PropertyValueSpecification\",\"valueRequired\":true,\"valueName\":\"search_term_string\"}}],\"inLanguage\":\"en-US\"}]}<\/script>\n<!-- \/ Yoast SEO plugin. -->","yoast_head_json":{"title":"Cookie Policy - Adlee","robots":{"index":"index","follow":"follow","max-snippet":"max-snippet:-1","max-image-preview":"max-image-preview:large","max-video-preview":"max-video-preview:-1"},"canonical":"https:\/\/adlee.co\/cerez-aydinlatma-metni\/","og_locale":"en_US","og_type":"article","og_title":"Cookie Policy - Adlee","og_description":"ADLEE \u0130LET\u0130\u015e\u0130M YAYIN VE REKLAM H\u0130ZMETLER\u0130 LTD. \u015eT\u0130.&nbsp; \u00c7EREZLERE \u0130L\u0130\u015eK\u0130N AYDINLATMA METN\u0130 1. Genel \u0130\u015fbu Ayd\u0131nlatma Metni, 6698 say\u0131l\u0131 Ki\u015fisel","og_url":"https:\/\/adlee.co\/cerez-aydinlatma-metni\/","og_site_name":"Adlee","article_modified_time":"2022-01-20T19:40:36+00:00","twitter_card":"summary_large_image","twitter_misc":{"Est. reading time":"4 minutes"},"schema":{"@context":"https:\/\/schema.org","@graph":[{"@type":"WebPage","@id":"https:\/\/adlee.co\/cerez-aydinlatma-metni\/","url":"https:\/\/adlee.co\/cerez-aydinlatma-metni\/","name":"Cookie Policy - Adlee","isPartOf":{"@id":"https:\/\/adlee.co\/#website"},"datePublished":"2022-01-13T13:39:37+00:00","dateModified":"2022-01-20T19:40:36+00:00","breadcrumb":{"@id":"https:\/\/adlee.co\/cerez-aydinlatma-metni\/#breadcrumb"},"inLanguage":"en-US","potentialAction":[{"@type":"ReadAction","target":["https:\/\/adlee.co\/cerez-aydinlatma-metni\/"]}]},{"@type":"BreadcrumbList","@id":"https:\/\/adlee.co\/cerez-aydinlatma-metni\/#breadcrumb","itemListElement":[{"@type":"ListItem","position":1,"name":"Anasayfa","item":"https:\/\/adlee.co\/en\/"},{"@type":"ListItem","position":2,"name":"Cookie Policy"}]},{"@type":"WebSite","@id":"https:\/\/adlee.co\/#website","url":"https:\/\/adlee.co\/","name":"Adlee","description":"Adlee.Co","potentialAction":[{"@type":"SearchAction","target":{"@type":"EntryPoint","urlTemplate":"https:\/\/adlee.co\/?s={search_term_string}"},"query-input":{"@type":"PropertyValueSpecification","valueRequired":true,"valueName":"search_term_string"}}],"inLanguage":"en-US"}]}},"_links":{"self":[{"href":"https:\/\/adlee.co\/en\/wp-json\/wp\/v2\/pages\/11131","targetHints":{"allow":["GET"]}}],"collection":[{"href":"https:\/\/adlee.co\/en\/wp-json\/wp\/v2\/pages"}],"about":[{"href":"https:\/\/adlee.co\/en\/wp-json\/wp\/v2\/types\/page"}],"author":[{"embeddable":true,"href":"https:\/\/adlee.co\/en\/wp-json\/wp\/v2\/users\/1"}],"replies":[{"embeddable":true,"href":"https:\/\/adlee.co\/en\/wp-json\/wp\/v2\/comments?post=11131"}],"version-history":[{"count":5,"href":"https:\/\/adlee.co\/en\/wp-json\/wp\/v2\/pages\/11131\/revisions"}],"predecessor-version":[{"id":11366,"href":"https:\/\/adlee.co\/en\/wp-json\/wp\/v2\/pages\/11131\/revisions\/11366"}],"wp:attachment":[{"href":"https:\/\/adlee.co\/en\/wp-json\/wp\/v2\/media?parent=11131"}],"curies":[{"name":"wp","href":"https:\/\/api.w.org\/{rel}","templated":true}]}}