{"id":11086,"date":"2022-01-13T10:38:09","date_gmt":"2022-01-13T10:38:09","guid":{"rendered":"http:\/\/adlee.co\/contact-us\/"},"modified":"2022-01-13T10:38:09","modified_gmt":"2022-01-13T10:38:09","slug":"contact-us","status":"publish","type":"page","link":"https:\/\/adlee.co\/en\/contact-us\/","title":{"rendered":"Contact Us"},"content":{"rendered":"\t\t<div data-elementor-type=\"wp-page\" data-elementor-id=\"11086\" class=\"elementor elementor-11086 elementor-4439\">\n\t\t\t\t\t\t<section class=\"elementor-section elementor-top-section elementor-element elementor-element-1c9344a2 elementor-section-boxed elementor-section-height-default elementor-section-height-default\" data-id=\"1c9344a2\" data-element_type=\"section\" data-e-type=\"section\" data-settings=\"{&quot;background_background&quot;:&quot;classic&quot;}\">\n\t\t\t\t\t\t\t<div class=\"elementor-background-overlay\"><\/div>\n\t\t\t\t\t\t\t<div class=\"elementor-container elementor-column-gap-default\">\n\t\t\t\t\t<div class=\"elementor-column elementor-col-100 elementor-top-column elementor-element elementor-element-41bec3dc\" data-id=\"41bec3dc\" data-element_type=\"column\" data-e-type=\"column\">\n\t\t\t<div class=\"elementor-widget-wrap elementor-element-populated\">\n\t\t\t\t\t\t<div class=\"elementor-element elementor-element-4c153a92 wd-width-100 elementor-widget elementor-widget-wd_title\" data-id=\"4c153a92\" data-element_type=\"widget\" data-e-type=\"widget\" data-widget_type=\"wd_title.default\">\n\t\t\t\t<div class=\"elementor-widget-container\">\n\t\t\t\t\t\t\t<div class=\"title-wrapper wd-set-mb reset-last-child wd-title-color-primary wd-title-style-default wd-title-size-large text-center\">\n\n\t\t\t\n\t\t\t<div class=\"liner-continer\">\n\t\t\t\t<h4 class=\"woodmart-title-container title wd-fontsize-xxl\">Fill out the form and expect a call from us.<\/h4> \n\t\t\t\t\t\t\t<\/div>\n\n\t\t\t\t\t<\/div>\n\t\t\t\t\t\t<\/div>\n\t\t\t\t<\/div>\n\t\t\t\t<div class=\"elementor-element elementor-element-5ce0072f elementor-widget elementor-widget-wd_contact_form_7\" data-id=\"5ce0072f\" data-element_type=\"widget\" data-e-type=\"widget\" data-widget_type=\"wd_contact_form_7.default\">\n\t\t\t\t<div class=\"elementor-widget-container\">\n\t\t\t\t\t\n<div class=\"wpcf7 no-js\" id=\"wpcf7-f11154-o1\" lang=\"en-US\" dir=\"ltr\" data-wpcf7-id=\"11154\">\n<div class=\"screen-reader-response\"><p role=\"status\" aria-live=\"polite\" aria-atomic=\"true\"><\/p> <ul><\/ul><\/div>\n<form action=\"\/en\/wp-json\/wp\/v2\/pages\/11086#wpcf7-f11154-o1\" method=\"post\" class=\"wpcf7-form init wd-style-with-bg\" aria-label=\"Contact form\" novalidate=\"novalidate\" data-status=\"init\">\n<fieldset class=\"hidden-fields-container\"><input type=\"hidden\" name=\"_wpcf7\" value=\"11154\" \/><input type=\"hidden\" name=\"_wpcf7_version\" value=\"6.1.5\" \/><input type=\"hidden\" name=\"_wpcf7_locale\" value=\"en_US\" \/><input type=\"hidden\" name=\"_wpcf7_unit_tag\" value=\"wpcf7-f11154-o1\" \/><input type=\"hidden\" name=\"_wpcf7_container_post\" value=\"0\" \/><input type=\"hidden\" name=\"_wpcf7_posted_data_hash\" value=\"\" \/>\n<\/fieldset>\n<div class=\"row\">\n\t<p class=\"col-md-6\"><label>Company<\/label><span class=\"wpcf7-form-control-wrap\" data-name=\"firma-adi\"><input size=\"40\" maxlength=\"400\" class=\"wpcf7-form-control wpcf7-text wpcf7-validates-as-required firmaAdi\" aria-required=\"true\" aria-invalid=\"false\" value=\"\" type=\"text\" name=\"firma-adi\" \/><\/span>\n\t<\/p>\n\t<p class=\"col-md-6\"><label>Company representative<\/label><span class=\"wpcf7-form-control-wrap\" data-name=\"firma-yetkilisi\"><input size=\"40\" maxlength=\"400\" class=\"wpcf7-form-control wpcf7-text wpcf7-validates-as-required firmaYetkilisi\" aria-required=\"true\" aria-invalid=\"false\" value=\"\" type=\"text\" name=\"firma-yetkilisi\" \/><\/span>\n\t<\/p>\n<\/div>\n<div class=\"row\">\n\t<p class=\"col-md-6\"><label>Phone<\/label><span class=\"wpcf7-form-control-wrap\" data-name=\"firma_tel\"><input size=\"40\" maxlength=\"400\" class=\"wpcf7-form-control wpcf7-tel wpcf7-validates-as-required wpcf7-text wpcf7-validates-as-tel firmaTel\" aria-required=\"true\" aria-invalid=\"false\" value=\"\" type=\"tel\" name=\"firma_tel\" \/><\/span>\n\t<\/p>\n\t<p class=\"col-md-6\"><label>E-Mail<\/label><span class=\"wpcf7-form-control-wrap\" data-name=\"E-Mail\"><input size=\"40\" maxlength=\"400\" class=\"wpcf7-form-control wpcf7-email wpcf7-validates-as-required wpcf7-text wpcf7-validates-as-email EMail\" aria-required=\"true\" aria-invalid=\"false\" value=\"\" type=\"email\" name=\"E-Mail\" \/><\/span>\n\t<\/p>\n<\/div>\n<p><label>Project Goals<\/label><span class=\"wpcf7-form-control-wrap\" data-name=\"ProjeHedefleri\"><textarea cols=\"40\" rows=\"10\" maxlength=\"2000\" class=\"wpcf7-form-control wpcf7-textarea wpcf7-validates-as-required projeHedefleri\" aria-required=\"true\" aria-invalid=\"false\" name=\"ProjeHedefleri\"><\/textarea><\/span>\n<\/p>\n<div class=\"row\">\n\t<p class=\"col-md-6\"><label>Planned Start Date<\/label><span class=\"wpcf7-form-control-wrap\" data-name=\"baslangic\"><input class=\"wpcf7-form-control wpcf7-date wpcf7-validates-as-required wpcf7-validates-as-date baslangicTarihi\" min=\"2022-01-01\" aria-required=\"true\" aria-invalid=\"false\" value=\"\" type=\"date\" name=\"baslangic\" \/><\/span>\n\t<\/p>\n<\/div>\n<p><label>Project budget<\/label><span class=\"wpcf7-form-control-wrap\" data-name=\"pbutce\"><span class=\"wpcf7-form-control wpcf7-checkbox wpcf7-validates-as-required wpcf7-exclusive-checkbox pButce\"><span class=\"wpcf7-list-item first\"><label><input type=\"checkbox\" name=\"pbutce\" value=\"30.000 - 100.000\" \/><span class=\"wpcf7-list-item-label\">30.000 - 100.000<\/span><\/label><\/span><span class=\"wpcf7-list-item\"><label><input type=\"checkbox\" name=\"pbutce\" value=\"100.000 - 500.000\" \/><span class=\"wpcf7-list-item-label\">100.000 - 500.000<\/span><\/label><\/span><span class=\"wpcf7-list-item last\"><label><input type=\"checkbox\" name=\"pbutce\" value=\"500.000 +\" \/><span class=\"wpcf7-list-item-label\">500.000 +<\/span><\/label><\/span><\/span><\/span>\n<\/p>\n<p><input class=\"wpcf7-form-control wpcf7-submit has-spinner gonder\" type=\"submit\" value=\"Submit\" \/>\n<\/p><div class=\"wpcf7-response-output\" aria-hidden=\"true\"><\/div>\n<\/form>\n<\/div>\n\t\t\t\t<\/div>\n\t\t\t\t<\/div>\n\t\t\t\t\t<\/div>\n\t\t<\/div>\n\t\t\t\t\t<\/div>\n\t\t<\/section>\n\t\t\t\t<\/div>\n\t\t","protected":false},"excerpt":{"rendered":"<p>Fill out the form and expect a call from us. Firma Ad\u0131 Firma Yetkilisi Telefon E-Mail Proje Hedefleri Planlanan Ba\u015flang\u0131\u00e7<\/p>\n","protected":false},"author":1,"featured_media":0,"parent":0,"menu_order":0,"comment_status":"closed","ping_status":"closed","template":"","meta":{"footnotes":""},"class_list":["post-11086","page","type-page","status-publish","hentry"],"yoast_head":"<!-- This site is optimized with the Yoast SEO plugin v27.4 - https:\/\/yoast.com\/product\/yoast-seo-wordpress\/ -->\n<title>Contact Us - Adlee<\/title>\n<meta name=\"robots\" content=\"index, follow, max-snippet:-1, max-image-preview:large, max-video-preview:-1\" \/>\n<link rel=\"canonical\" href=\"https:\/\/adlee.co\/en\/contact-us\/\" \/>\n<meta property=\"og:locale\" content=\"en_US\" \/>\n<meta property=\"og:type\" content=\"article\" \/>\n<meta property=\"og:title\" content=\"Contact Us - Adlee\" \/>\n<meta property=\"og:description\" content=\"Fill out the form and expect a call from us. Firma Ad\u0131 Firma Yetkilisi Telefon E-Mail Proje Hedefleri Planlanan Ba\u015flang\u0131\u00e7\" \/>\n<meta property=\"og:url\" content=\"https:\/\/adlee.co\/en\/contact-us\/\" \/>\n<meta property=\"og:site_name\" content=\"Adlee\" \/>\n<meta name=\"twitter:card\" content=\"summary_large_image\" \/>\n<script type=\"application\/ld+json\" class=\"yoast-schema-graph\">{\"@context\":\"https:\\\/\\\/schema.org\",\"@graph\":[{\"@type\":\"WebPage\",\"@id\":\"https:\\\/\\\/adlee.co\\\/en\\\/contact-us\\\/\",\"url\":\"https:\\\/\\\/adlee.co\\\/en\\\/contact-us\\\/\",\"name\":\"Contact Us - Adlee\",\"isPartOf\":{\"@id\":\"https:\\\/\\\/adlee.co\\\/#website\"},\"datePublished\":\"2022-01-13T10:38:09+00:00\",\"breadcrumb\":{\"@id\":\"https:\\\/\\\/adlee.co\\\/en\\\/contact-us\\\/#breadcrumb\"},\"inLanguage\":\"en-US\",\"potentialAction\":[{\"@type\":\"ReadAction\",\"target\":[\"https:\\\/\\\/adlee.co\\\/en\\\/contact-us\\\/\"]}]},{\"@type\":\"BreadcrumbList\",\"@id\":\"https:\\\/\\\/adlee.co\\\/en\\\/contact-us\\\/#breadcrumb\",\"itemListElement\":[{\"@type\":\"ListItem\",\"position\":1,\"name\":\"Anasayfa\",\"item\":\"https:\\\/\\\/adlee.co\\\/en\\\/\"},{\"@type\":\"ListItem\",\"position\":2,\"name\":\"Contact Us\"}]},{\"@type\":\"WebSite\",\"@id\":\"https:\\\/\\\/adlee.co\\\/#website\",\"url\":\"https:\\\/\\\/adlee.co\\\/\",\"name\":\"Adlee\",\"description\":\"Adlee.Co\",\"potentialAction\":[{\"@type\":\"SearchAction\",\"target\":{\"@type\":\"EntryPoint\",\"urlTemplate\":\"https:\\\/\\\/adlee.co\\\/?s={search_term_string}\"},\"query-input\":{\"@type\":\"PropertyValueSpecification\",\"valueRequired\":true,\"valueName\":\"search_term_string\"}}],\"inLanguage\":\"en-US\"}]}<\/script>\n<!-- \/ Yoast SEO plugin. -->","yoast_head_json":{"title":"Contact Us - Adlee","robots":{"index":"index","follow":"follow","max-snippet":"max-snippet:-1","max-image-preview":"max-image-preview:large","max-video-preview":"max-video-preview:-1"},"canonical":"https:\/\/adlee.co\/en\/contact-us\/","og_locale":"en_US","og_type":"article","og_title":"Contact Us - Adlee","og_description":"Fill out the form and expect a call from us. Firma Ad\u0131 Firma Yetkilisi Telefon E-Mail Proje Hedefleri Planlanan Ba\u015flang\u0131\u00e7","og_url":"https:\/\/adlee.co\/en\/contact-us\/","og_site_name":"Adlee","twitter_card":"summary_large_image","schema":{"@context":"https:\/\/schema.org","@graph":[{"@type":"WebPage","@id":"https:\/\/adlee.co\/en\/contact-us\/","url":"https:\/\/adlee.co\/en\/contact-us\/","name":"Contact Us - Adlee","isPartOf":{"@id":"https:\/\/adlee.co\/#website"},"datePublished":"2022-01-13T10:38:09+00:00","breadcrumb":{"@id":"https:\/\/adlee.co\/en\/contact-us\/#breadcrumb"},"inLanguage":"en-US","potentialAction":[{"@type":"ReadAction","target":["https:\/\/adlee.co\/en\/contact-us\/"]}]},{"@type":"BreadcrumbList","@id":"https:\/\/adlee.co\/en\/contact-us\/#breadcrumb","itemListElement":[{"@type":"ListItem","position":1,"name":"Anasayfa","item":"https:\/\/adlee.co\/en\/"},{"@type":"ListItem","position":2,"name":"Contact Us"}]},{"@type":"WebSite","@id":"https:\/\/adlee.co\/#website","url":"https:\/\/adlee.co\/","name":"Adlee","description":"Adlee.Co","potentialAction":[{"@type":"SearchAction","target":{"@type":"EntryPoint","urlTemplate":"https:\/\/adlee.co\/?s={search_term_string}"},"query-input":{"@type":"PropertyValueSpecification","valueRequired":true,"valueName":"search_term_string"}}],"inLanguage":"en-US"}]}},"_links":{"self":[{"href":"https:\/\/adlee.co\/en\/wp-json\/wp\/v2\/pages\/11086","targetHints":{"allow":["GET"]}}],"collection":[{"href":"https:\/\/adlee.co\/en\/wp-json\/wp\/v2\/pages"}],"about":[{"href":"https:\/\/adlee.co\/en\/wp-json\/wp\/v2\/types\/page"}],"author":[{"embeddable":true,"href":"https:\/\/adlee.co\/en\/wp-json\/wp\/v2\/users\/1"}],"replies":[{"embeddable":true,"href":"https:\/\/adlee.co\/en\/wp-json\/wp\/v2\/comments?post=11086"}],"version-history":[{"count":1,"href":"https:\/\/adlee.co\/en\/wp-json\/wp\/v2\/pages\/11086\/revisions"}],"predecessor-version":[{"id":11087,"href":"https:\/\/adlee.co\/en\/wp-json\/wp\/v2\/pages\/11086\/revisions\/11087"}],"wp:attachment":[{"href":"https:\/\/adlee.co\/en\/wp-json\/wp\/v2\/media?parent=11086"}],"curies":[{"name":"wp","href":"https:\/\/api.w.org\/{rel}","templated":true}]}}